{"id":710,"date":"2022-12-05T13:52:01","date_gmt":"2022-12-05T12:52:01","guid":{"rendered":"https:\/\/modellbau-klein.de\/content\/?page_id=710"},"modified":"2025-04-02T10:00:06","modified_gmt":"2025-04-02T08:00:06","slug":"impressum","status":"publish","type":"page","link":"https:\/\/modellbau-klein.de\/content\/impressum\/","title":{"rendered":"Impressum"},"content":{"rendered":"\n<div id=\"section-gf22a1e\" class=\"wp-block-gutentor-e6 section-gf22a1e gutentor-element gutentor-element-image\"><div class=\"gutentor-element-image-box\"><div class=\"gutentor-bg-image\"><\/div><\/div><\/div>\n\n\n\n<section id=\"gm28788d6\" class=\"wp-block-gutentor-m4 section-gm28788d6 gutentor-module gutentor-advanced-columns has-image-bg has-custom-bg\"><div class=\"grid-container\"><div class=\"grid-row\">\n<div id=\"col-gm834534\" class=\"wp-block-gutentor-m4-col col-gm834534 gutentor-single-column  grid-lg-12 grid-md-12 grid-12\"><div id=\"section-gm834534\" class=\"section-gm834534 gutentor-col-wrap\">\n<div id=\"section-gafd937\" class=\"wp-block-gutentor-e1 section-gafd937 gutentor-element gutentor-element-advanced-text\"><div class=\"gutentor-text-wrap\"><h2 class=\"gutentor-text\">Impressum<\/h2><\/div><\/div>\n\n\n\n<div id=\"section-gb909cc\" class=\"wp-block-gutentor-e1 section-gb909cc gutentor-element gutentor-element-advanced-text\"><div class=\"gutentor-text-wrap\"><p class=\"gutentor-text\"><strong>Modellbau Klein GmbH<\/strong><br>Schmarrier Str. 3 &#8211; 7<br>31867 H\u00fclsede OT Schmarrie<\/p><\/div><\/div>\n\n\n\n<div id=\"section-gf53872\" class=\"wp-block-gutentor-e1 section-gf53872 gutentor-element gutentor-element-advanced-text\"><div class=\"gutentor-text-wrap\"><p class=\"gutentor-text\">Telefon: 05043 \/ 10 01<br>Fax: 05043 \/ 10 03<br>E-Mail: <a href=\"mailto:info@modellbaukleinklein.de\">info@modellbau-klein.de<\/a><\/p><\/div><\/div>\n\n\n\n<div id=\"section-g4ff772\" class=\"wp-block-gutentor-e1 section-g4ff772 gutentor-element gutentor-element-advanced-text\"><div class=\"gutentor-text-wrap\"><p class=\"gutentor-text\"><strong>Rechtlicher Sitz der Firma: <\/strong><br>60316 Frankfurt, Friedberger Landstra\u00dfe 136,<br>Gesch\u00e4ftsf\u00fchrende Gesellschafter: Volker Klein,<br>eingetragen im Handelsregister beim Amtsgericht Frankfurt, HRB 93186<br>Name und Rechtsform: Modellbau Klein GmbH<br><br><strong>UST-Identnummer: DE 815 345 909<\/strong><br><strong>Steuernummer: 045 239 82349<\/strong><\/p><\/div><\/div>\n<\/div><\/div>\n<\/div><\/div><\/section>\n","protected":false},"excerpt":{"rendered":"","protected":false},"author":1,"featured_media":0,"parent":0,"menu_order":0,"comment_status":"closed","ping_status":"closed","template":"template-gutentor-full-width.php","meta":{"footnotes":""},"class_list":["post-710","page","type-page","status-publish","hentry"],"_links":{"self":[{"href":"https:\/\/modellbau-klein.de\/content\/wp-json\/wp\/v2\/pages\/710","targetHints":{"allow":["GET"]}}],"collection":[{"href":"https:\/\/modellbau-klein.de\/content\/wp-json\/wp\/v2\/pages"}],"about":[{"href":"https:\/\/modellbau-klein.de\/content\/wp-json\/wp\/v2\/types\/page"}],"author":[{"embeddable":true,"href":"https:\/\/modellbau-klein.de\/content\/wp-json\/wp\/v2\/users\/1"}],"replies":[{"embeddable":true,"href":"https:\/\/modellbau-klein.de\/content\/wp-json\/wp\/v2\/comments?post=710"}],"version-history":[{"count":7,"href":"https:\/\/modellbau-klein.de\/content\/wp-json\/wp\/v2\/pages\/710\/revisions"}],"predecessor-version":[{"id":1180,"href":"https:\/\/modellbau-klein.de\/content\/wp-json\/wp\/v2\/pages\/710\/revisions\/1180"}],"wp:attachment":[{"href":"https:\/\/modellbau-klein.de\/content\/wp-json\/wp\/v2\/media?parent=710"}],"curies":[{"name":"wp","href":"https:\/\/api.w.org\/{rel}","templated":true}]}}