{"id":57,"date":"2019-05-08T09:37:25","date_gmt":"2019-05-08T09:37:25","guid":{"rendered":"https:\/\/www.demo.cosmoswp.com\/demo-3\/?page_id=36"},"modified":"2025-11-12T11:47:11","modified_gmt":"2025-11-12T10:47:11","slug":"home","status":"publish","type":"page","link":"https:\/\/modellbau-klein.de\/content\/","title":{"rendered":"Home"},"content":{"rendered":"\n<section id=\"section-c80d4a64-9468-4617-ad81-1948f6da7f4a\" class=\"wp-block-gutentor-image-slider gutentor-section gutentor-image-slider imageSlider-template1 text-left\"><div class=\"gutentor-grid-item-wrap\"><div class=\"gutentor-slider-wrapper\" data-dots=\"true\" data-arrows=\"false\" data-infinite=\"true\" data-nextarrow=\"fas fa-angle-right\" data-prevarrow=\"fas fa-angle-left\" data-autoplay=\"true\" data-autoplayspeed=\"5000\" data-fade=\"true\" data-speed=\"3000\"><div class=\"gutentor-slider-item\"><div class=\"gutentor-single-item gutentor-single-item-0\"><div class=\"gutentor-single-item-wrap\"><div class=\"gutentor-single-item-image-box\"><div class=\"gutentor-bg-image\"><div class=\"overlay\"><\/div><\/div><\/div><div class=\"gutentor-single-item-content\"><div class=\"grid-container\"><div class=\"slider-caption text-left\"><h2 class=\"gutentor-single-item-title\">Hochwertige Materialien f\u00fcr den Architekturbedarf im Modellbau<\/h2><p class=\"gutentor-single-item-desc\">Balsaholz aus nachhaltigem und \u00f6klogischem Anbau<\/p><a class=\"gutentor-button gutentor-single-item-button gutentor-icon-hide\" href=\"https:\/\/modellbau-klein.de\/content\/holzprodukte\/\"><i class=\"gutentor-button-icon fas fa-book\"><\/i><span>HOLZPRODUKTE<\/span><\/a><\/div><\/div><\/div><\/div><\/div><\/div><div class=\"gutentor-slider-item\"><div class=\"gutentor-single-item gutentor-single-item-1\"><div class=\"gutentor-single-item-wrap\"><div class=\"gutentor-single-item-image-box\"><div class=\"gutentor-bg-image\"><div class=\"overlay\"><\/div><\/div><\/div><div class=\"gutentor-single-item-content\"><div class=\"grid-container\"><div class=\"slider-caption text-left\"><h2 class=\"gutentor-single-item-title\">Kunstoffprodukte f\u00fcr den Modellbau<\/h2><p class=\"gutentor-single-item-desc\">Wei\u00dfe und farbige Platten aus Polystyrol, PET-G, PVC und Acryl sowie Hartschaumprodukte<\/p><a class=\"gutentor-button gutentor-single-item-button gutentor-icon-hide\" href=\"https:\/\/modellbau-klein.de\/content\/kunststoffe\/\"><i class=\"gutentor-button-icon fas fa-book\"><\/i><span>KUNSTSTOFFE<\/span><\/a><\/div><\/div><\/div><\/div><\/div><\/div><div class=\"gutentor-slider-item\"><div class=\"gutentor-single-item gutentor-single-item-2\"><div class=\"gutentor-single-item-wrap\"><div class=\"gutentor-single-item-image-box\"><div class=\"gutentor-bg-image\"><div class=\"overlay\"><\/div><\/div><\/div><div class=\"gutentor-single-item-content\"><div class=\"grid-container\"><div class=\"slider-caption text-left\"><h2 class=\"gutentor-single-item-title\">Umfangreiches Sortiment an Zubeh\u00f6r f\u00fcr den Modellbau<\/h2><p class=\"gutentor-single-item-desc\"><\/p><a class=\"gutentor-button gutentor-single-item-button gutentor-icon-hide\" href=\"https:\/\/modellbau-klein.de\/content\/mehr\/\"><i class=\"gutentor-button-icon fas fa-book\"><\/i><span>ZUBEH\u00d6R<\/span><\/a><\/div><\/div><\/div><\/div><\/div><\/div><\/div><\/div><\/section>\n\n\n\n<p><\/p>\n\n\n\n<section id=\"section-eff052f2-d7db-44cc-a4bd-7db3e2d2acac\" class=\"wp-block-gutentor-advanced-columns gutentor-section gutentor-advanced-columns has-image-bg has-custom-bg\"><div class=\"grid-container\"><div class=\"grid-row\">\n<div id=\"section-f05535ef-82cb-4fb8-b787-48d8ffd78c98\" class=\"wp-block-gutentor-single-column gutentor-single-column  grid-lg-12 grid-md-12 grid-12\">\n<div id=\"section-ga6049c\" class=\"wp-block-gutentor-e1 section-ga6049c gutentor-element gutentor-element-advanced-text wow slideInLeft text-align-center-desktop\" data-wow-animation=\"slideInLeft\"><div class=\"gutentor-text-wrap\"><h2 class=\"gutentor-text\">Ihr Partner f\u00fcr den Modellbaubedarf<\/h2><\/div><\/div>\n\n\n\n<div id=\"section-gc0daa7\" class=\"wp-block-gutentor-e1 section-gc0daa7 gutentor-element gutentor-element-advanced-text wow slideInRight text-align-center-desktop\" data-wow-animation=\"slideInRight\"><div class=\"gutentor-text-wrap\"><p class=\"gutentor-text\"><br>Modellbau Klein GmbH ist ein mittelst\u00e4ndiges Unternehmen mit Hauptsitz in Frankfurt am Main. Wir verarbeiten und vertreiben edle H\u00f6lzer, Leisten, Kunststoffprofile, Metallwaren sowie artverwandte Artikel. Hier in H\u00fclsede-Schmarrie befindet sich unsere Fabrikation und das Auslieferungslager &#8211; <strong>ausschlie\u00dflich f\u00fcr Wiederverk\u00e4ufer<\/strong>.  Wir liefern deutschlandweit und in das benachbarte europ\u00e4ische Ausland. Gerne beraten wir Sie in einem pers\u00f6nlichen Gespr\u00e4ch.<br><br><strong>Endverbraucher wenden sich bitte direkt an unseren Hauptsitz in Frankfurt.<\/strong><\/p><\/div><\/div>\n\n\n\n<div id=\"section-g6a29b9\" class=\"wp-block-gutentor-e2 section-g6a29b9 gutentor-element gutentor-element-button button-align-center-desktop\"><span class=\"gutentor-button-wrap\"><a class=\"gutentor-button gutentor-block-button gutentor-icon-before\" href=\"https:\/\/kleinffm.de\/de\/\" target=\"_blank\" rel=\" noopener noreferrer\"><i class=\"gutentor-button-icon fas fa-arrow-alt-circle-right\"><\/i><span>Modellbau Klein f\u00fcr Endverbraucher<\/span><\/a><\/span><\/div>\n<\/div>\n<\/div><\/div><\/section>\n\n\n\n<section id=\"section-cb1c0b3c-57cc-4e56-9de7-01b0016a8cc8\" class=\"wp-block-gutentor-image-box gutentor-section gutentor-image-wrapper imagebox-template1\"><div class=\"grid-container\"><div class=\"grid-row gutentor-grid-item-wrap wow animated slideInUp\" data-wow-animation=\"slideInUp\" data-wow-iteration=\"1\"><div class=\"gutentor-grid-column grid-lg-3 grid-md-4 grid-12\"><div class=\"gutentor-single-item gutentor-image gutentor-single-item-0\"><div class=\"gutentor-single-item-wrap\"><div class=\"gutentor-single-item-image-box\"><div class=\"gutentor-image-thumb\"><img loading=\"lazy\" decoding=\"async\" class=\"normal-image\" src=\"https:\/\/modellbau-klein.de\/content\/wp-content\/uploads\/2022\/11\/holz.jpg\" alt=\"\" height=\"400\" width=\"600\"\/><\/div><\/div><div class=\"gutentor-single-item-content\"><h4 class=\"gutentor-single-item-title\"><strong>HOLZPRODUKTE<\/strong><\/h4><p class=\"gutentor-single-item-desc\">Brettchen aus Balsa, Nussbaum, Linde, Ahorn, Kiefer, Abachi, Mahagoni, Flugzeugsperrholz Birke, Pappelsperrholz, Holzrundst\u00e4be, Vierkantleisten<\/p><a class=\"gutentor-button gutentor-single-item-button gutentor-icon-before 24\" href=\"https:\/\/modellbau-klein.de\/content\/holzprodukte\/\"><i class=\"gutentor-button-icon fas fa-leaf\"><\/i><span>Sortiment<\/span><\/a><\/div><\/div><\/div><\/div><div class=\"gutentor-grid-column grid-lg-3 grid-md-4 grid-12\"><div class=\"gutentor-single-item gutentor-image gutentor-single-item-1\"><div class=\"gutentor-single-item-wrap\"><div class=\"gutentor-single-item-image-box\"><div class=\"gutentor-image-thumb\"><img loading=\"lazy\" decoding=\"async\" class=\"normal-image\" src=\"https:\/\/modellbau-klein.de\/content\/wp-content\/uploads\/2022\/11\/kunststoffe.jpg\" alt=\"\" height=\"400\" width=\"600\"\/><\/div><\/div><div class=\"gutentor-single-item-content\"><h4 class=\"gutentor-single-item-title\"><strong>KUNSTSTOFFE<\/strong><\/h4><p class=\"gutentor-single-item-desc\">Hartschaumplatten, Styrofoam, Depron\/ Polystyrol-Schaumplatten, Foamboard\/Polyplan, Acrylglasprofile\/ -platten, Kunststoffprofile\/ platten, Rundrohre\/ -st\u00e4be<\/p><a class=\"gutentor-button gutentor-single-item-button gutentor-icon-before 24\" href=\"https:\/\/modellbau-klein.de\/content\/kunststoffe\/\"><i class=\"gutentor-button-icon fas fa-qrcode\"><\/i><span>\u00dcbersicht<\/span><\/a><\/div><\/div><\/div><\/div><div class=\"gutentor-grid-column grid-lg-3 grid-md-4 grid-12\"><div class=\"gutentor-single-item gutentor-image gutentor-single-item-2\"><div class=\"gutentor-single-item-wrap\"><div class=\"gutentor-single-item-image-box\"><div class=\"gutentor-image-thumb\"><img loading=\"lazy\" decoding=\"async\" class=\"normal-image\" src=\"https:\/\/modellbau-klein.de\/content\/wp-content\/uploads\/2022\/11\/metalle-start.jpg\" alt=\"\" height=\"400\" width=\"600\"\/><\/div><\/div><div class=\"gutentor-single-item-content\"><h4 class=\"gutentor-single-item-title\"><strong>METALLPRODUKTE<\/strong><\/h4><p class=\"gutentor-single-item-desc\">Federstahldraht, <br>Stahl-Schwei\u00dfdraht verkupfert, Rundst\u00e4be und Rundrohre aus Aluminium, Rundrohre und Rundst\u00e4be aus  Messing<\/p><a class=\"gutentor-button gutentor-single-item-button gutentor-icon-before 24\" href=\"https:\/\/modellbau-klein.de\/content\/metalle\/\"><i class=\"gutentor-button-icon fas fa-wrench\"><\/i><span>Metall<\/span><\/a><\/div><\/div><\/div><\/div><div class=\"gutentor-grid-column grid-lg-3 grid-md-4 grid-12\"><div class=\"gutentor-single-item gutentor-image gutentor-single-item-3\"><div class=\"gutentor-single-item-wrap\"><div class=\"gutentor-single-item-image-box\"><div class=\"gutentor-image-thumb\"><img loading=\"lazy\" decoding=\"async\" class=\"normal-image\" src=\"https:\/\/modellbau-klein.de\/content\/wp-content\/uploads\/2022\/12\/mehr-start-1.jpg\" alt=\"\" height=\"400\" width=\"600\"\/><\/div><\/div><div class=\"gutentor-single-item-content\"><h4 class=\"gutentor-single-item-title\"><strong>ZUBEH\u00d6R<\/strong><\/h4><p class=\"gutentor-single-item-desc\">Detail- und Silhouettenfiguren sowie Fahrzeuge aus Polystyrol, Pflanzenschaum, Klebstoff, Leim, Schneideartikel, Holzkugeln\/-w\u00fcrfel, Figuren<\/p><a class=\"gutentor-button gutentor-single-item-button gutentor-icon-before 24\" href=\"https:\/\/modellbau-klein.de\/content\/mehr\/\"><i class=\"gutentor-button-icon fas fa-child\"><\/i><span>Sortiment<\/span><\/a><\/div><\/div><\/div><\/div><\/div><\/div><\/section>\n\n\n\n<section id=\"section-4284c006-9af1-4251-9889-4711cd181344\" class=\"wp-block-gutentor-advanced-columns gutentor-section gutentor-advanced-columns has-image-bg has-custom-bg has-gutentor-overlay gutentor-no-gap-desktop gutentor-no-gap-tablet gutentor-no-gap-mobile text-left\"><div class=\"grid-container\"><div class=\"grid-row\">\n<div id=\"section-eb991e4a-d4d3-4e9a-bd76-dd0f75edbc8c\" class=\"wp-block-gutentor-single-column gutentor-single-column  grid-lg-12 grid-md-12 grid-12\">\n<div id=\"section-aa423c9b-2ac6-4d58-afc8-f4eee56b9e2a\" class=\"wp-block-gutentor-content-box gutentor-section gutentor-content-box-wrapper content-template1 wow animated slideInUp gutentor-no-gap-desktop gutentor-no-gap-tablet gutentor-no-gap-mobile text-left\" data-wow-animation=\"slideInUp\" data-wow-iteration=\"1\"><div class=\"grid-container\"><div class=\"grid-row gutentor-grid-item-wrap\"><div class=\"gutentor-grid-column grid-lg-12 grid-md-12 grid-12\"><div class=\"gutentor-single-item gutentor-single-item-0\"><div class=\"gutentor-single-item-wrap\"><div class=\"gutentor-single-item-content\"><h3 class=\"gutentor-single-item-title\">Modellbau Klein GmbH<\/h3><p class=\"gutentor-single-item-desc\">Hohe Produktqualit\u00e4t, partnerschaftlicher Umgang, umfassender flexibler Service &#8211; gepaart mit kompetenter, fachlicher Beratung stehen bei uns an erster Stelle.<\/p><a class=\"gutentor-button gutentor-single-item-button gutentor-icon-hide\" href=\"https:\/\/modellbau-klein.de\/content\/wp-content\/uploads\/2023\/01\/Produktuebersicht-Modellbau-Klein-GmbH-November-2022.pdf\" target=\"_blank\" rel=\" noopener noreferrer\"><i class=\"gutentor-button-icon fas fa-book\"><\/i><span>Produkt\u00fcbersicht Wiederverk\u00e4ufer<\/span><\/a><\/div><\/div><\/div><\/div><\/div><\/div><\/div>\n<\/div>\n<\/div><\/div><\/section>\n\n\n\n<section id=\"gme9547f4\" class=\"wp-block-gutentor-m4 section-gme9547f4 gutentor-module gutentor-advanced-columns has-image-bg has-custom-bg\"><div class=\"grid-container\"><div class=\"grid-row\">\n<div id=\"col-gm23b9cf\" class=\"wp-block-gutentor-m4-col col-gm23b9cf gutentor-single-column  grid-lg-12 grid-md-12 grid-12\"><div id=\"section-gm23b9cf\" class=\"section-gm23b9cf gutentor-col-wrap\">\n<div id=\"section-gc9c840\" class=\"wp-block-gutentor-e1 section-gc9c840 gutentor-element gutentor-element-advanced-text text-align-center-desktop\"><div class=\"gutentor-text-wrap\"><h3 class=\"gutentor-text\">Holz ist unsere Leidenschaft<\/h3><\/div><\/div>\n\n\n\n<div id=\"section-g558586\" class=\"wp-block-gutentor-e1 section-g558586 gutentor-element gutentor-element-advanced-text text-align-center-desktop\"><div class=\"gutentor-text-wrap\"><p class=\"gutentor-text\">Holz ist ein vielseitiger Werkstoff, der aus dem Modellbau nicht wegzudenken ist. Verschiedene Holzarten wie Birke, Balsa, Linde, Nussbaum oder edles Mahagoni bieten nicht nur eine interessante Optik,  sondern unterscheiden sich auch hinsichtlich ihrer physikalischen Eigenschaften, Verarbeitung und Haltbarkeit. Unterschiedliche Vollholzbrettchen und Holzleisten sowie laserf\u00e4higes Birken-Flugzeugsperrholz eignen sich f\u00fcr viele Projekte im Architekturmodellbau.<\/p><\/div><\/div>\n\n\n\n<div id=\"section-g75d7fb\" class=\"wp-block-gutentor-e5 section-g75d7fb gutentor-element gutentor-element-icon gutentor-icon-default text-align-center-desktop text-align-center-tablet text-align-center-mobile\"><div class=\"gutentor-element-icon-box\"><i class=\"fas fa-leaf\"><\/i><\/div><\/div>\n<\/div><\/div>\n<\/div><\/div><\/section>\n","protected":false},"excerpt":{"rendered":"","protected":false},"author":1,"featured_media":0,"parent":0,"menu_order":0,"comment_status":"closed","ping_status":"closed","template":"template-gutentor-full-width.php","meta":{"footnotes":""},"class_list":["post-57","page","type-page","status-publish","hentry"],"_links":{"self":[{"href":"https:\/\/modellbau-klein.de\/content\/wp-json\/wp\/v2\/pages\/57","targetHints":{"allow":["GET"]}}],"collection":[{"href":"https:\/\/modellbau-klein.de\/content\/wp-json\/wp\/v2\/pages"}],"about":[{"href":"https:\/\/modellbau-klein.de\/content\/wp-json\/wp\/v2\/types\/page"}],"author":[{"embeddable":true,"href":"https:\/\/modellbau-klein.de\/content\/wp-json\/wp\/v2\/users\/1"}],"replies":[{"embeddable":true,"href":"https:\/\/modellbau-klein.de\/content\/wp-json\/wp\/v2\/comments?post=57"}],"version-history":[{"count":137,"href":"https:\/\/modellbau-klein.de\/content\/wp-json\/wp\/v2\/pages\/57\/revisions"}],"predecessor-version":[{"id":1351,"href":"https:\/\/modellbau-klein.de\/content\/wp-json\/wp\/v2\/pages\/57\/revisions\/1351"}],"wp:attachment":[{"href":"https:\/\/modellbau-klein.de\/content\/wp-json\/wp\/v2\/media?parent=57"}],"curies":[{"name":"wp","href":"https:\/\/api.w.org\/{rel}","templated":true}]}}