{"id":312,"date":"2022-11-22T12:51:38","date_gmt":"2022-11-22T11:51:38","guid":{"rendered":"https:\/\/modellbau-klein.de\/content\/?page_id=312"},"modified":"2025-11-11T10:57:39","modified_gmt":"2025-11-11T09:57:39","slug":"katalog","status":"publish","type":"page","link":"https:\/\/modellbau-klein.de\/content\/katalog\/","title":{"rendered":"Katalog"},"content":{"rendered":"\n<div id=\"section-g1c4158\" class=\"wp-block-gutentor-e6 section-g1c4158 gutentor-element gutentor-element-image\"><div class=\"gutentor-element-image-box\"><div class=\"gutentor-bg-image\"><\/div><\/div><\/div>\n\n\n\n<section id=\"gm482acbd\" class=\"wp-block-gutentor-m4 section-gm482acbd gutentor-module gutentor-advanced-columns has-image-bg has-custom-bg\"><div class=\"grid-container\"><div class=\"grid-row\">\n<div id=\"col-gmfc4eb8\" class=\"wp-block-gutentor-m4-col col-gmfc4eb8 gutentor-single-column  grid-lg-12 grid-md-12 grid-12\"><div id=\"section-gmfc4eb8\" class=\"section-gmfc4eb8 gutentor-col-wrap\">\n<div id=\"section-g8ffc6d\" class=\"wp-block-gutentor-e1 section-g8ffc6d gutentor-element gutentor-element-advanced-text\"><div class=\"gutentor-text-wrap\"><h2 class=\"gutentor-text\">Unser Katalog <\/h2><\/div><\/div>\n\n\n\n<div id=\"section-ga99649\" class=\"wp-block-gutentor-e1 section-ga99649 gutentor-element gutentor-element-advanced-text\"><div class=\"gutentor-text-wrap\"><p class=\"gutentor-text\">Eine detaillierte \u00dcbersicht unseres Sortiments f\u00fcr Wiederverk\u00e4ufer finden Sie hier<\/p><\/div><\/div>\n\n\n\n<div id=\"section-g1747c6\" class=\"wp-block-gutentor-e2 section-g1747c6 gutentor-element gutentor-element-button\"><span class=\"gutentor-button-wrap\"><a class=\"gutentor-button gutentor-block-button gutentor-icon-hide\" href=\"https:\/\/modellbau-klein.de\/content\/wp-content\/uploads\/2025\/11\/Produktuebersicht-Modellbau-Klein-November-2025.pdf\" target=\"_blank\" rel=\" noopener noreferrer\"><i class=\"gutentor-button-icon fas fa-book\"><\/i><span>Produkt\u00fcbersicht<\/span><\/a><\/span><\/div>\n\n\n\n<div id=\"section-g6aaaee\" class=\"wp-block-gutentor-e1 section-g6aaaee gutentor-element gutentor-element-advanced-text\"><div class=\"gutentor-text-wrap\"><h3 class=\"gutentor-text\">Gerne senden wir Ihnen auf Anfrage auch unseren Endkundenkatalog mit Preisen zu.<br><\/h3><\/div><\/div>\n\n\n<div class=\"wpforms-container wpforms-container-full wpforms-block wpforms-block-27cddd3c-2652-4edb-9a72-422aa21ffde1\" id=\"wpforms-858\"><form id=\"wpforms-form-858\" class=\"wpforms-validate wpforms-form wpforms-ajax-form\" data-formid=\"858\" method=\"post\" enctype=\"multipart\/form-data\" action=\"\/content\/wp-json\/wp\/v2\/pages\/312\" data-token=\"d94951bedf6e25392ac3e4c7b4c96d17\" data-token-time=\"1776806188\"><noscript class=\"wpforms-error-noscript\">Bitte aktiviere JavaScript in deinem Browser, um dieses Formular fertigzustellen.<\/noscript><div class=\"wpforms-field-container\"><div id=\"wpforms-858-field_3-container\" class=\"wpforms-field wpforms-field-text\" data-field-id=\"3\"><label class=\"wpforms-field-label\" for=\"wpforms-858-field_3\">Firma <span class=\"wpforms-required-label\">*<\/span><\/label><input type=\"text\" id=\"wpforms-858-field_3\" class=\"wpforms-field-medium wpforms-field-required\" name=\"wpforms[fields][3]\" required><\/div><div id=\"wpforms-858-field_0-container\" class=\"wpforms-field wpforms-field-name\" data-field-id=\"0\"><label class=\"wpforms-field-label\">Ansprechpartner*in <span class=\"wpforms-required-label\">*<\/span><\/label><div class=\"wpforms-field-row wpforms-field-medium\"><div class=\"wpforms-field-row-block wpforms-first wpforms-one-half\"><input type=\"text\" id=\"wpforms-858-field_0\" class=\"wpforms-field-name-first wpforms-field-required\" name=\"wpforms[fields][0][first]\" required><label for=\"wpforms-858-field_0\" class=\"wpforms-field-sublabel after\">Vorname<\/label><\/div><div class=\"wpforms-field-row-block wpforms-one-half\"><input type=\"text\" id=\"wpforms-858-field_0-last\" class=\"wpforms-field-name-last wpforms-field-required\" name=\"wpforms[fields][0][last]\" required><label for=\"wpforms-858-field_0-last\" class=\"wpforms-field-sublabel after\">Nachname<\/label><\/div><\/div><\/div><div id=\"wpforms-858-field_1-container\" class=\"wpforms-field wpforms-field-email\" data-field-id=\"1\"><label class=\"wpforms-field-label\" for=\"wpforms-858-field_1\">E-Mail <span class=\"wpforms-required-label\">*<\/span><\/label><input type=\"email\" id=\"wpforms-858-field_1\" class=\"wpforms-field-medium wpforms-field-required\" name=\"wpforms[fields][1]\" spellcheck=\"false\" required><\/div><div id=\"wpforms-858-field_10-container\" class=\"wpforms-field wpforms-field-text\" data-field-id=\"10\"><label class=\"wpforms-field-label\" for=\"wpforms-858-field_10\">Telefon <span class=\"wpforms-required-label\">*<\/span><\/label><input type=\"text\" id=\"wpforms-858-field_10\" class=\"wpforms-field-medium wpforms-field-required\" name=\"wpforms[fields][10]\" required><\/div><div id=\"wpforms-858-field_5-container\" class=\"wpforms-field wpforms-field-radio\" data-field-id=\"5\"><label class=\"wpforms-field-label\">Sie sind<\/label><ul id=\"wpforms-858-field_5\"><li class=\"choice-1 depth-1\"><input type=\"radio\" id=\"wpforms-858-field_5_1\" name=\"wpforms[fields][5]\" value=\"Wiederverk\u00e4ufer\"  ><label class=\"wpforms-field-label-inline\" for=\"wpforms-858-field_5_1\">Wiederverk\u00e4ufer<\/label><\/li><li class=\"choice-2 depth-1\"><input type=\"radio\" id=\"wpforms-858-field_5_2\" name=\"wpforms[fields][5]\" value=\"Gewerblicher Kunde\"  ><label class=\"wpforms-field-label-inline\" for=\"wpforms-858-field_5_2\">Gewerblicher Kunde<\/label><\/li><\/ul><\/div><div id=\"wpforms-858-field_7-container\" class=\"wpforms-field wpforms-field-text\" data-field-id=\"7\"><label class=\"wpforms-field-label\" for=\"wpforms-858-field_7\">Stra\u00dfe, Hausnummer<\/label><input type=\"text\" id=\"wpforms-858-field_7\" class=\"wpforms-field-medium\" name=\"wpforms[fields][7]\" ><\/div><div id=\"wpforms-858-field_9-container\" class=\"wpforms-field wpforms-field-text\" data-field-id=\"9\"><label class=\"wpforms-field-label\" for=\"wpforms-858-field_9\">PLZ, Wohnort<\/label><input type=\"text\" id=\"wpforms-858-field_9\" class=\"wpforms-field-medium\" name=\"wpforms[fields][9]\" ><\/div><div id=\"wpforms-858-field_2-container\" class=\"wpforms-field wpforms-field-textarea\" data-field-id=\"2\"><label class=\"wpforms-field-label\" for=\"wpforms-858-field_2\">Ihre Nachricht\/ Fragen an uns<\/label><textarea id=\"wpforms-858-field_2\" class=\"wpforms-field-medium\" name=\"wpforms[fields][2]\" ><\/textarea><\/div><\/div><!-- .wpforms-field-container --><div class=\"wpforms-submit-container\" ><input type=\"hidden\" name=\"wpforms[id]\" value=\"858\"><input type=\"hidden\" name=\"page_title\" value=\"\"><input type=\"hidden\" name=\"page_url\" value=\"https:\/\/modellbau-klein.de\/content\/wp-json\/wp\/v2\/pages\/312\"><input type=\"hidden\" name=\"url_referer\" value=\"\"><button type=\"submit\" name=\"wpforms[submit]\" id=\"wpforms-submit-858\" class=\"wpforms-submit\" data-alt-text=\"Senden\u2026\" data-submit-text=\"absenden\" aria-live=\"assertive\" value=\"wpforms-submit\">absenden<\/button><img loading=\"lazy\" decoding=\"async\" src=\"https:\/\/modellbau-klein.de\/content\/wp-content\/plugins\/wpforms-lite\/assets\/images\/submit-spin.svg\" class=\"wpforms-submit-spinner\" style=\"display: none;\" width=\"26\" height=\"26\" alt=\"Wird geladen\"><\/div><\/form><\/div>  <!-- .wpforms-container --><\/div><\/div>\n<\/div><\/div><\/section>\n","protected":false},"excerpt":{"rendered":"","protected":false},"author":1,"featured_media":0,"parent":0,"menu_order":0,"comment_status":"closed","ping_status":"closed","template":"template-gutentor-full-width.php","meta":{"footnotes":""},"class_list":["post-312","page","type-page","status-publish","hentry"],"_links":{"self":[{"href":"https:\/\/modellbau-klein.de\/content\/wp-json\/wp\/v2\/pages\/312","targetHints":{"allow":["GET"]}}],"collection":[{"href":"https:\/\/modellbau-klein.de\/content\/wp-json\/wp\/v2\/pages"}],"about":[{"href":"https:\/\/modellbau-klein.de\/content\/wp-json\/wp\/v2\/types\/page"}],"author":[{"embeddable":true,"href":"https:\/\/modellbau-klein.de\/content\/wp-json\/wp\/v2\/users\/1"}],"replies":[{"embeddable":true,"href":"https:\/\/modellbau-klein.de\/content\/wp-json\/wp\/v2\/comments?post=312"}],"version-history":[{"count":25,"href":"https:\/\/modellbau-klein.de\/content\/wp-json\/wp\/v2\/pages\/312\/revisions"}],"predecessor-version":[{"id":1323,"href":"https:\/\/modellbau-klein.de\/content\/wp-json\/wp\/v2\/pages\/312\/revisions\/1323"}],"wp:attachment":[{"href":"https:\/\/modellbau-klein.de\/content\/wp-json\/wp\/v2\/media?parent=312"}],"curies":[{"name":"wp","href":"https:\/\/api.w.org\/{rel}","templated":true}]}}